{"id":3043,"date":"2023-10-09T09:20:46","date_gmt":"2023-10-09T12:20:46","guid":{"rendered":"https:\/\/rcsites.com.br\/formato\/?page_id=3043"},"modified":"2024-06-05T09:04:19","modified_gmt":"2024-06-05T12:04:19","slug":"blog","status":"publish","type":"page","link":"https:\/\/rcsites.com.br\/formato\/blog\/","title":{"rendered":"Blog"},"content":{"rendered":"\t\t<div data-elementor-type=\"wp-page\" data-elementor-id=\"3043\" class=\"elementor elementor-3043\" data-elementor-post-type=\"page\">\n\t\t\t\t<div class=\"elementor-element elementor-element-22dd76e bg-trabalheconosco e-flex e-con-boxed e-con e-parent\" data-id=\"22dd76e\" data-element_type=\"container\" data-e-type=\"container\" data-settings=\"{&quot;background_background&quot;:&quot;classic&quot;}\">\n\t\t\t\t\t<div class=\"e-con-inner\">\n\t\t\t\t<div class=\"elementor-element elementor-element-0de4414 elementor-widget__width-inherit elementor-widget elementor-widget-heading\" data-id=\"0de4414\" data-element_type=\"widget\" data-e-type=\"widget\" data-widget_type=\"heading.default\">\n\t\t\t\t<div class=\"elementor-widget-container\">\n\t\t\t\t\t<h2 class=\"elementor-heading-title elementor-size-default\">Nosso Blog<\/h2>\t\t\t\t<\/div>\n\t\t\t\t<\/div>\n\t\t\t\t\t<\/div>\n\t\t\t\t<\/div>\n\t\t<div class=\"elementor-element elementor-element-6d82b04 e-flex e-con-boxed e-con e-parent\" data-id=\"6d82b04\" data-element_type=\"container\" data-e-type=\"container\" data-settings=\"{&quot;background_background&quot;:&quot;classic&quot;}\">\n\t\t\t\t\t<div class=\"e-con-inner\">\n\t\t\t\t<div class=\"elementor-element elementor-element-885228e elementor-grid-3 elementor-grid-tablet-2 elementor-grid-mobile-1 elementor-posts--thumbnail-top elementor-posts--show-avatar elementor-card-shadow-yes elementor-posts__hover-gradient elementor-widget elementor-widget-posts\" data-id=\"885228e\" data-element_type=\"widget\" data-e-type=\"widget\" data-settings=\"{&quot;cards_columns&quot;:&quot;3&quot;,&quot;cards_columns_tablet&quot;:&quot;2&quot;,&quot;cards_columns_mobile&quot;:&quot;1&quot;,&quot;cards_row_gap&quot;:{&quot;unit&quot;:&quot;px&quot;,&quot;size&quot;:35,&quot;sizes&quot;:[]},&quot;cards_row_gap_tablet&quot;:{&quot;unit&quot;:&quot;px&quot;,&quot;size&quot;:&quot;&quot;,&quot;sizes&quot;:[]},&quot;cards_row_gap_mobile&quot;:{&quot;unit&quot;:&quot;px&quot;,&quot;size&quot;:&quot;&quot;,&quot;sizes&quot;:[]}}\" data-widget_type=\"posts.cards\">\n\t\t\t\t<div class=\"elementor-widget-container\">\n\t\t\t\t\t\t\t<div class=\"elementor-posts-container elementor-posts elementor-posts--skin-cards elementor-grid\">\n\t\t\t\t<article class=\"elementor-post elementor-grid-item post-2883 post type-post status-publish format-standard hentry category-soraya-macedo tag-branding tag-marca\">\n\t\t\t<div class=\"elementor-post__card\">\n\t\t\t\t<div class=\"elementor-post__text\">\n\t\t\t\t<h3 class=\"elementor-post__title\">\n\t\t\t<a href=\"https:\/\/rcsites.com.br\/formato\/cade-o-biiiiill-beijinho-no-ombro-pra-voce-eu-sou-rycaaaaaaaaaa\/\">\n\t\t\t\tCad\u00ea o Biiiiill? Beijinho no ombro pra voc\u00ea. Eu sou rycaaaaaaaaaa!!\t\t\t<\/a>\n\t\t<\/h3>\n\t\t\t\t<div class=\"elementor-post__excerpt\">\n\t\t\t<p>J\u00e1 ouvi dizer por a\u00ed que \u201ccalada vence!\u201d, mas vamos combinar, tem que fazer algum tipo de barulho pra chamar aten\u00e7\u00e3o no mundo concorrido, din\u00e2mico, disputado, ca\u00f3tico e fascinante da comunica\u00e7\u00e3o. \u201cMe chama que eu vou\u201d contar uma coisa importante para voc\u00ea agora: a propaganda da sua empresa precisa entregar o que seu cliente gosta, o que ele consome, o que ele quer (e o que ele nem sabe que<\/p>\n\t\t<\/div>\n\t\t\t\t\t<div class=\"elementor-post__read-more-wrapper\">\n\t\t\n\t\t<a class=\"elementor-post__read-more\" href=\"https:\/\/rcsites.com.br\/formato\/cade-o-biiiiill-beijinho-no-ombro-pra-voce-eu-sou-rycaaaaaaaaaa\/\" aria-label=\"Read more about Cad\u00ea o Biiiiill? Beijinho no ombro pra voc\u00ea. Eu sou rycaaaaaaaaaa!!\">\n\t\t\tLeia mais \u00bb\t\t<\/a>\n\n\t\t\t\t\t<\/div>\n\t\t\t\t<\/div>\n\t\t\t\t<div class=\"elementor-post__meta-data\">\n\t\t\t\t\t<span class=\"elementor-post-date\">\n\t\t\t10 de novembro de 2022\t\t<\/span>\n\t\t\t\t<span class=\"elementor-post-time\">\n\t\t\t09:06\t\t<\/span>\n\t\t\t\t<\/div>\n\t\t\t\t\t<\/div>\n\t\t<\/article>\n\t\t\t\t<article class=\"elementor-post elementor-grid-item post-2874 post type-post status-publish format-standard hentry category-formato-ideias category-soraya-macedo tag-horario-eleitoral tag-propaganda-eleitoral\">\n\t\t\t<div class=\"elementor-post__card\">\n\t\t\t\t<div class=\"elementor-post__text\">\n\t\t\t\t<h3 class=\"elementor-post__title\">\n\t\t\t<a href=\"https:\/\/rcsites.com.br\/formato\/atencao-para-o-horario-eleitoral-gratuito\/\">\n\t\t\t\tAten\u00e7\u00e3o para o hor\u00e1rio eleitoral gratuito!\t\t\t<\/a>\n\t\t<\/h3>\n\t\t\t\t<div class=\"elementor-post__excerpt\">\n\t\t\t<p>A cada 2 anos os dilemas se repetem. De um lado os f\u00e3s do&nbsp;candidato B, do outro lado os f\u00e3s do&nbsp;candidato L. Falas mais enf\u00e1ticas, discursos acirrados, debates \u00e0 mesa do bar, brigas nos grupos da fam\u00edlia, m\u00eddia cobrindo a agenda dos partidos e por a\u00ed vai. Quando come\u00e7a o hor\u00e1rio eleitoral gratuito, uns desligam a TV, outros n\u00e3o piscam pra n\u00e3o correr o risco de perder a hora. Uns<\/p>\n\t\t<\/div>\n\t\t\t\t\t<div class=\"elementor-post__read-more-wrapper\">\n\t\t\n\t\t<a class=\"elementor-post__read-more\" href=\"https:\/\/rcsites.com.br\/formato\/atencao-para-o-horario-eleitoral-gratuito\/\" aria-label=\"Read more about Aten\u00e7\u00e3o para o hor\u00e1rio eleitoral gratuito!\">\n\t\t\tLeia mais \u00bb\t\t<\/a>\n\n\t\t\t\t\t<\/div>\n\t\t\t\t<\/div>\n\t\t\t\t<div class=\"elementor-post__meta-data\">\n\t\t\t\t\t<span class=\"elementor-post-date\">\n\t\t\t27 de setembro de 2022\t\t<\/span>\n\t\t\t\t<span class=\"elementor-post-time\">\n\t\t\t08:53\t\t<\/span>\n\t\t\t\t<\/div>\n\t\t\t\t\t<\/div>\n\t\t<\/article>\n\t\t\t\t<article class=\"elementor-post elementor-grid-item post-2878 post type-post status-publish format-standard hentry category-soraya-macedo tag-empresas tag-formato-ideias\">\n\t\t\t<div class=\"elementor-post__card\">\n\t\t\t\t<div class=\"elementor-post__text\">\n\t\t\t\t<h3 class=\"elementor-post__title\">\n\t\t\t<a href=\"https:\/\/rcsites.com.br\/formato\/a-estranha-mania-de-fingir-que-se-tem-um-proposito\/\">\n\t\t\t\tA estranha mania de fingir que se tem um prop\u00f3sito\t\t\t<\/a>\n\t\t<\/h3>\n\t\t\t\t<div class=\"elementor-post__excerpt\">\n\t\t\t<p>\u201cOpa, hoje \u00e9 dia do idoso\u2026 amanh\u00e3 \u00e9 dia do pet\u2026 olha a causa LGBTQUIAPNI+, n\u00e3o esquece de colocar uma pessoa preta no material, vamos fazer algo para falar do setembro amarelo\u2026\u201d&nbsp;\u2013 se sua empresa est\u00e1 presente nas m\u00eddias sociais, voc\u00ea certamente j\u00e1 fez esse tipo de solicita\u00e7\u00e3o \u00e0 sua ag\u00eancia de propaganda ou ao pessoal do MKT. Mas, vumbora refletir um pouquinho: sua empresa tem um prop\u00f3sito real? Pra<\/p>\n\t\t<\/div>\n\t\t\t\t\t<div class=\"elementor-post__read-more-wrapper\">\n\t\t\n\t\t<a class=\"elementor-post__read-more\" href=\"https:\/\/rcsites.com.br\/formato\/a-estranha-mania-de-fingir-que-se-tem-um-proposito\/\" aria-label=\"Read more about A estranha mania de fingir que se tem um prop\u00f3sito\">\n\t\t\tLeia mais \u00bb\t\t<\/a>\n\n\t\t\t\t\t<\/div>\n\t\t\t\t<\/div>\n\t\t\t\t<div class=\"elementor-post__meta-data\">\n\t\t\t\t\t<span class=\"elementor-post-date\">\n\t\t\t15 de setembro de 2022\t\t<\/span>\n\t\t\t\t<span class=\"elementor-post-time\">\n\t\t\t08:56\t\t<\/span>\n\t\t\t\t<\/div>\n\t\t\t\t\t<\/div>\n\t\t<\/article>\n\t\t\t\t<article class=\"elementor-post elementor-grid-item post-2897 post type-post status-publish format-standard hentry category-soraya-macedo tag-atendimento tag-comercio\">\n\t\t\t<div class=\"elementor-post__card\">\n\t\t\t\t<div class=\"elementor-post__text\">\n\t\t\t\t<h3 class=\"elementor-post__title\">\n\t\t\t<a href=\"https:\/\/rcsites.com.br\/formato\/a-ten-di-men-t0-mais-simples-do-que-voce-pensa-mais-dificil-do-que-voce-imagina\/\">\n\t\t\t\tA-TEN-DI-MEN-T0: mais simples do que voc\u00ea pensa. Mais dif\u00edcil do que voc\u00ea imagina\t\t\t<\/a>\n\t\t<\/h3>\n\t\t\t\t<div class=\"elementor-post__excerpt\">\n\t\t\t<p>Como voc\u00ea tem desenvolvido seu trabalho? Como sua empresa tem atendido o cliente? Chega aqui, vem c\u00e1, deixa eu te falar umas coisinhas sobre atendimento\u2026 hoje o papo \u00e9 direto e reto. Na academia, atendente com a cara no celular, instrutor que some pra fazer um lanche. Na loja, vendedora que n\u00e3o sabe sorrir. Na liga\u00e7\u00e3o, algu\u00e9m que \u201cfala pra dentro\u201d. guich\u00ea, uma pessoa que n\u00e3o olha pra voc\u00ea. Na<\/p>\n\t\t<\/div>\n\t\t\t\t\t<div class=\"elementor-post__read-more-wrapper\">\n\t\t\n\t\t<a class=\"elementor-post__read-more\" href=\"https:\/\/rcsites.com.br\/formato\/a-ten-di-men-t0-mais-simples-do-que-voce-pensa-mais-dificil-do-que-voce-imagina\/\" aria-label=\"Read more about A-TEN-DI-MEN-T0: mais simples do que voc\u00ea pensa. Mais dif\u00edcil do que voc\u00ea imagina\">\n\t\t\tLeia mais \u00bb\t\t<\/a>\n\n\t\t\t\t\t<\/div>\n\t\t\t\t<\/div>\n\t\t\t\t<div class=\"elementor-post__meta-data\">\n\t\t\t\t\t<span class=\"elementor-post-date\">\n\t\t\t14 de setembro de 2022\t\t<\/span>\n\t\t\t\t<span class=\"elementor-post-time\">\n\t\t\t09:16\t\t<\/span>\n\t\t\t\t<\/div>\n\t\t\t\t\t<\/div>\n\t\t<\/article>\n\t\t\t\t<article class=\"elementor-post elementor-grid-item post-2900 post type-post status-publish format-standard hentry category-soraya-macedo tag-compras tag-consumo\">\n\t\t\t<div class=\"elementor-post__card\">\n\t\t\t\t<div class=\"elementor-post__text\">\n\t\t\t\t<h3 class=\"elementor-post__title\">\n\t\t\t<a href=\"https:\/\/rcsites.com.br\/formato\/por-que-a-gente-compra-o-que-a-gente-compra\/\">\n\t\t\t\tPor que a gente compra o que a gente compra?\t\t\t<\/a>\n\t\t<\/h3>\n\t\t\t\t<div class=\"elementor-post__excerpt\">\n\t\t\t<p>Tem gente que ama pronunciar esse verbinho: comprar! \u00c9 que tem coisas que a gente precisa mesmo, n\u00e9? Ficou t\u00e3o lindo em fulano. Facilita a vida de sicrana\u2026 Ah, tem aquele casamento pra ir. Vou visitar um cliente. Vou comemorar o anivers\u00e1rio de casamento. Minha filha vai ficar t\u00e3o feliz\u2026 Eu mere\u00e7o depois de um dia cheio. Trabalho pra isso. A gente s\u00f3 vive uma vez\u2026 T\u00e1 com um pre\u00e7o<\/p>\n\t\t<\/div>\n\t\t\t\t\t<div class=\"elementor-post__read-more-wrapper\">\n\t\t\n\t\t<a class=\"elementor-post__read-more\" href=\"https:\/\/rcsites.com.br\/formato\/por-que-a-gente-compra-o-que-a-gente-compra\/\" aria-label=\"Read more about Por que a gente compra o que a gente compra?\">\n\t\t\tLeia mais \u00bb\t\t<\/a>\n\n\t\t\t\t\t<\/div>\n\t\t\t\t<\/div>\n\t\t\t\t<div class=\"elementor-post__meta-data\">\n\t\t\t\t\t<span class=\"elementor-post-date\">\n\t\t\t2 de agosto de 2022\t\t<\/span>\n\t\t\t\t<span class=\"elementor-post-time\">\n\t\t\t09:18\t\t<\/span>\n\t\t\t\t<\/div>\n\t\t\t\t\t<\/div>\n\t\t<\/article>\n\t\t\t\t<article class=\"elementor-post elementor-grid-item post-2894 post type-post status-publish format-standard hentry category-soraya-macedo tag-comunicacao\">\n\t\t\t<div class=\"elementor-post__card\">\n\t\t\t\t<div class=\"elementor-post__text\">\n\t\t\t\t<h3 class=\"elementor-post__title\">\n\t\t\t<a href=\"https:\/\/rcsites.com.br\/formato\/de-uma-vez-por-todas-entenda-ou-voce-se-comunica-ou\/\">\n\t\t\t\tDe uma vez por todas entenda: ou voc\u00ea se comunica ou\u2026\t\t\t<\/a>\n\t\t<\/h3>\n\t\t\t\t<div class=\"elementor-post__excerpt\">\n\t\t\t<p>Acorda e d\u00e1 uma conferida no Whatsapp (l\u00e1 se v\u00e3o uns 20 minutos vendo a vida alheia\u2026). Liga a TV pra fazer companhia enquanto se arruma. Entra no carro e sintoniza at\u00e9 aquela esta\u00e7\u00e3o preferida. Chega no trabalho e l\u00ea as manchetes do portal local (o&nbsp;Acorda Cidade, \u00e9 claro!) Vai visitar um cliente e folheia a revista enquanto aguarda. Sai pra almo\u00e7ar e percebe aquela promo\u00e7\u00e3o destacada sobre a mesa.<\/p>\n\t\t<\/div>\n\t\t\t\t\t<div class=\"elementor-post__read-more-wrapper\">\n\t\t\n\t\t<a class=\"elementor-post__read-more\" href=\"https:\/\/rcsites.com.br\/formato\/de-uma-vez-por-todas-entenda-ou-voce-se-comunica-ou\/\" aria-label=\"Read more about De uma vez por todas entenda: ou voc\u00ea se comunica ou\u2026\">\n\t\t\tLeia mais \u00bb\t\t<\/a>\n\n\t\t\t\t\t<\/div>\n\t\t\t\t<\/div>\n\t\t\t\t<div class=\"elementor-post__meta-data\">\n\t\t\t\t\t<span class=\"elementor-post-date\">\n\t\t\t30 de junho de 2022\t\t<\/span>\n\t\t\t\t<span class=\"elementor-post-time\">\n\t\t\t09:14\t\t<\/span>\n\t\t\t\t<\/div>\n\t\t\t\t\t<\/div>\n\t\t<\/article>\n\t\t\t\t<article class=\"elementor-post elementor-grid-item post-2889 post type-post status-publish format-standard hentry category-soraya-macedo tag-whatsapp\">\n\t\t\t<div class=\"elementor-post__card\">\n\t\t\t\t<div class=\"elementor-post__text\">\n\t\t\t\t<h3 class=\"elementor-post__title\">\n\t\t\t<a href=\"https:\/\/rcsites.com.br\/formato\/usar-whatsapp-para-trabalhar-e-massa-mas-voce-sabe-como-se-comportar-usando-ele\/\">\n\t\t\t\tUsar WhatsApp para trabalhar \u00e9 massa, mas voc\u00ea sabe como se comportar usando ele?\t\t\t<\/a>\n\t\t<\/h3>\n\t\t\t\t<div class=\"elementor-post__excerpt\">\n\t\t\t<p>O WhatsApp \u00e9 uma daquelas ferramentas que a gente usa e pensa: \u201cComo era que eu fazia antes disso existir?\u201d (de verdade, nem eu me lembro). A quest\u00e3o \u00e9 que esse aplicativo se tornou parte do celular, parte de voc\u00ea e do seu trabalho. \u00c9 mais r\u00e1pido e f\u00e1cil resolver e providenciar e pedir e cobrar e vender e (at\u00e9) paquerar atrav\u00e9s dele. Afinal, trata-se de comunica\u00e7\u00e3o instant\u00e2nea, e n\u00f3s<\/p>\n\t\t<\/div>\n\t\t\t\t\t<div class=\"elementor-post__read-more-wrapper\">\n\t\t\n\t\t<a class=\"elementor-post__read-more\" href=\"https:\/\/rcsites.com.br\/formato\/usar-whatsapp-para-trabalhar-e-massa-mas-voce-sabe-como-se-comportar-usando-ele\/\" aria-label=\"Read more about Usar WhatsApp para trabalhar \u00e9 massa, mas voc\u00ea sabe como se comportar usando ele?\">\n\t\t\tLeia mais \u00bb\t\t<\/a>\n\n\t\t\t\t\t<\/div>\n\t\t\t\t<\/div>\n\t\t\t\t<div class=\"elementor-post__meta-data\">\n\t\t\t\t\t<span class=\"elementor-post-date\">\n\t\t\t20 de maio de 2022\t\t<\/span>\n\t\t\t\t<span class=\"elementor-post-time\">\n\t\t\t09:11\t\t<\/span>\n\t\t\t\t<\/div>\n\t\t\t\t\t<\/div>\n\t\t<\/article>\n\t\t\t\t<article class=\"elementor-post elementor-grid-item post-2886 post type-post status-publish format-standard hentry category-soraya-macedo tag-era-dos-dinossauros tag-metaverso\">\n\t\t\t<div class=\"elementor-post__card\">\n\t\t\t\t<div class=\"elementor-post__text\">\n\t\t\t\t<h3 class=\"elementor-post__title\">\n\t\t\t<a href=\"https:\/\/rcsites.com.br\/formato\/entre-o-metaverso-e-a-era-dos-dinossauros\/\">\n\t\t\t\tEntre o Metaverso e a Era dos Dinossauros\t\t\t<\/a>\n\t\t<\/h3>\n\t\t\t\t<div class=\"elementor-post__excerpt\">\n\t\t\t<p>Sim, esse texto vai come\u00e7ar de tr\u00e1s pra frente. Isso porque \u00e9 mais f\u00e1cil lembrar o que \u00e9 presente, aquilo que mesmo n\u00e3o entendendo direito a gente h\u00e1 pouco tempo ouviu falar. Mas logo vamos ao passado, aquilo que sustenta o presente e nos ajuda a decifrar o tal do futuro\u2026 Muito se tem falado sobre um ambiente virtual onde existem empresas empreendendo, onde se compram terrenos, onde artistas fazem<\/p>\n\t\t<\/div>\n\t\t\t\t\t<div class=\"elementor-post__read-more-wrapper\">\n\t\t\n\t\t<a class=\"elementor-post__read-more\" href=\"https:\/\/rcsites.com.br\/formato\/entre-o-metaverso-e-a-era-dos-dinossauros\/\" aria-label=\"Read more about Entre o Metaverso e a Era dos Dinossauros\">\n\t\t\tLeia mais \u00bb\t\t<\/a>\n\n\t\t\t\t\t<\/div>\n\t\t\t\t<\/div>\n\t\t\t\t<div class=\"elementor-post__meta-data\">\n\t\t\t\t\t<span class=\"elementor-post-date\">\n\t\t\t16 de maio de 2022\t\t<\/span>\n\t\t\t\t<span class=\"elementor-post-time\">\n\t\t\t09:08\t\t<\/span>\n\t\t\t\t<\/div>\n\t\t\t\t\t<\/div>\n\t\t<\/article>\n\t\t\t\t<\/div>\n\t\t\n\t\t\t\t\t\t<\/div>\n\t\t\t\t<\/div>\n\t\t\t\t\t<\/div>\n\t\t\t\t<\/div>\n\t\t\t\t<\/div>\n\t\t","protected":false},"excerpt":{"rendered":"<p>Nosso Blog<\/p>\n","protected":false},"author":1,"featured_media":0,"parent":0,"menu_order":0,"comment_status":"closed","ping_status":"closed","template":"elementor_header_footer","meta":{"footnotes":""},"class_list":["post-3043","page","type-page","status-publish","hentry"],"_links":{"self":[{"href":"https:\/\/rcsites.com.br\/formato\/wp-json\/wp\/v2\/pages\/3043","targetHints":{"allow":["GET"]}}],"collection":[{"href":"https:\/\/rcsites.com.br\/formato\/wp-json\/wp\/v2\/pages"}],"about":[{"href":"https:\/\/rcsites.com.br\/formato\/wp-json\/wp\/v2\/types\/page"}],"author":[{"embeddable":true,"href":"https:\/\/rcsites.com.br\/formato\/wp-json\/wp\/v2\/users\/1"}],"replies":[{"embeddable":true,"href":"https:\/\/rcsites.com.br\/formato\/wp-json\/wp\/v2\/comments?post=3043"}],"version-history":[{"count":101,"href":"https:\/\/rcsites.com.br\/formato\/wp-json\/wp\/v2\/pages\/3043\/revisions"}],"predecessor-version":[{"id":4789,"href":"https:\/\/rcsites.com.br\/formato\/wp-json\/wp\/v2\/pages\/3043\/revisions\/4789"}],"wp:attachment":[{"href":"https:\/\/rcsites.com.br\/formato\/wp-json\/wp\/v2\/media?parent=3043"}],"curies":[{"name":"wp","href":"https:\/\/api.w.org\/{rel}","templated":true}]}}